{"id":1718,"date":"2019-09-19T06:49:55","date_gmt":"2019-09-19T04:49:55","guid":{"rendered":""},"modified":"2022-04-26T09:04:52","modified_gmt":"2022-04-26T07:04:52","slug":"demande-informations","status":"publish","type":"page","link":"https:\/\/www.newthalassa.fr\/index.php\/demande-informations\/","title":{"rendered":"Demande d&rsquo;informations"},"content":{"rendered":"\n\t\t<div \t\t\tclass=\"novablocks-hero novablocks-doppler alignfull novablocks-u-valign-center novablocks-u-halign-center novablocks-u-background novablocks-u-background-dark sm-palette-1 sm-variation-12 scrolling-effect-parallax\"\n\t\t\tstyle=\"--novablocks-block-top-spacing: 1; --novablocks-block-bottom-spacing: 0; --novablocks-emphasis-top-spacing: 0; --novablocks-emphasis-bottom-spacing: 0; --novablocks-hero-text-color: #FFF;min-height: calc(100* var(--novablocks-1vh, 1vh)); \"\n\t\t\tdata-defaults-generated='1' data-block-index='0' data-min-height-fallback='100' data-scroll-indicator='' data-position-indicators='1' data-template-inserted='' data-display-inner-content='1' data-palette='1' data-palette-variation='12' data-use-source-color-as-reference='' data-color-signal='3' data-content-color-signal='0' data-content-position='center center' data-focal-point='{&quot;x&quot;:0.5,&quot;y&quot;:0.5}' data-final-focal-point='{&quot;x&quot;:0.5,&quot;y&quot;:0.5}' data-initial-background-scale='1' data-final-background-scale='1' data-scroll-indicator-block='' data-scrolling-effect='parallax' data-motion-preset='standard-dynamic' data-follow-through-start='1' data-follow-through-end='1' data-content-color='#FFF' data-overlay-filter-style='dark' data-overlay-filter-strength='30' data-emphasis-by-space='1' data-enable-overlapping='' data-block-top-spacing='1' data-block-bottom-spacing='0' data-emphasis-top-spacing='0' data-emphasis-bottom-spacing='0' data-anchor=''\t\t>\n\n\t\t\t\n\t\t\t<div class=\"novablocks-doppler__mask  novablocks-doppler__wrapper\">\n\t\t\t\t\n\t\t\t\t\t\t\t\t\t<video muted autoplay loop playsinline class=\"novablocks-hero__media  novablocks-doppler__target\"\n\t\t\t\t\t\t   src=\"https:\/\/www.newthalassa.fr\/wp-content\/uploads\/2022\/04\/backgroundVideo3.mp4\"\n\t\t\t\t\t\t   style=\"object-position: 50% 50%;opacity: 0.7; \" \/>\n\t\t\t\t\t\t\t<\/div>\n            <div class=\"novablocks-hero__foreground novablocks-doppler__foreground novablocks-u-content-padding novablocks-u-content-align\" style=\"min-height: calc(100 * var(--novablocks-1vh, 1vh)); \">\n                <div class=\"novablocks-hero__inner-container wp-block-group__inner-container novablocks-u-content-width\" style=\"\">\n\t\t\t\t\t\n\n<div class=\"wp-block-group alignwide sm-palette-1 sm-color-signal-0\" style=\"--novablocks-emphasis-top-spacing:0;--novablocks-emphasis-bottom-spacing:0;--novablocks-block-top-spacing:1;--novablocks-block-bottom-spacing:0;--novablocks-block-zindex:0\" data-palette=\"1\" data-palette-variation=\"11\" data-color-signal=\"0\"><div class=\"wp-block-group__inner-container is-layout-flow wp-block-group-is-layout-flow\">\n<h2 class=\"wp-block-novablocks-headline c-headline has-text-align-center has-larger-font-size\"><span class=\"c-headline__secondary\">Quelques<\/span> <span class=\"c-headline__primary\">Renseignements<\/span><\/h2>\n<\/div><\/div>\n\n                <\/div>\n\t\t\t\t            <\/div>\n\n\t\t\t\n        <\/div>\n\n\t\t\n\n<h3>R\u00e9server par t\u00e9l\u00e9phone<\/h3>\n<p>Le restaurant brasserie Le New Thalassa vous accueille \u00e0 Marseille avec sa vue imprenable sur la mer afin de vous faire d\u00e9guster ses sp\u00e9cialit\u00e9s et produits locaux dans une ambiance conviviale et chaleureuse.<br \/>Nous prenons les r\u00e9servations pour le d\u00e9jeuner et le d\u00eener.<br \/>Pour faire une r\u00e9servation, veuillez nous appeler au 04 91 54 70 33, tous les jours de la semaines, de 8h00 \u00e0 22h00, ou directement sur cette page via le formulaire de r\u00e9servation.<\/p>\n<h3>REPAS PRIVATIS\u00c9S &amp; \u00c9V\u00c9NEMENTS<\/h3>\n<p>Le lieu est ouvert \u00e0 la privatisation pour vos \u00e9v\u00e9nements en soir\u00e9e de la semaine ou le week-end.<\/p>\n<p>Nous sommes \u00e0 votre \u00e9coute pour r\u00e9pondre \u00e0 votre projet de repas entre amis ou entre coll\u00e8gues.<br \/>Nous pouvons accueillir une soixantaine de personnes, c&rsquo;est id\u00e9al pour r\u00e9unir un service, une \u00e9quipe ou f\u00eater son anniversaire en priv\u00e9 dans une ambiance particuli\u00e8re.<br \/>La d\u00e9coration originale, le professionnalisme de notre \u00e9quipe et le lieu feront leur plus grand effet aupr\u00e8s de vos invit\u00e9s.<br \/>Dans tous les cas, l&rsquo;acc\u00e8s secret et le lieu feront leur plus grand effet aupr\u00e8s de vos invit\u00e9s<\/p>\n<p>\u200bNous offrons un service de restauration int\u00e9gr\u00e9 \u00e0 l&rsquo;offre. Nous pouvons proposer un menu original, th\u00e9matique et personnalisable \u00e0 souhait: buffet, tapas, menus.<\/p>","protected":false},"excerpt":{"rendered":"<p>R\u00e9server par t\u00e9l\u00e9phone Le restaurant brasserie Le New Thalassa vous accueille \u00e0 Marseille avec sa vue imprenable sur la mer afin de vous faire d\u00e9guster [&hellip;]<\/p>\n","protected":false},"author":1,"featured_media":0,"parent":0,"menu_order":0,"comment_status":"closed","ping_status":"closed","template":"","meta":{"novablocks_hero_scroll_indicator":false,"novablocks_hero_position_indicators":false,"footnotes":""},"class_list":["post-1718","page","type-page","status-publish","hentry"],"jetpack_sharing_enabled":true,"_links":{"self":[{"href":"https:\/\/www.newthalassa.fr\/index.php\/wp-json\/wp\/v2\/pages\/1718","targetHints":{"allow":["GET"]}}],"collection":[{"href":"https:\/\/www.newthalassa.fr\/index.php\/wp-json\/wp\/v2\/pages"}],"about":[{"href":"https:\/\/www.newthalassa.fr\/index.php\/wp-json\/wp\/v2\/types\/page"}],"author":[{"embeddable":true,"href":"https:\/\/www.newthalassa.fr\/index.php\/wp-json\/wp\/v2\/users\/1"}],"replies":[{"embeddable":true,"href":"https:\/\/www.newthalassa.fr\/index.php\/wp-json\/wp\/v2\/comments?post=1718"}],"version-history":[{"count":5,"href":"https:\/\/www.newthalassa.fr\/index.php\/wp-json\/wp\/v2\/pages\/1718\/revisions"}],"predecessor-version":[{"id":1917,"href":"https:\/\/www.newthalassa.fr\/index.php\/wp-json\/wp\/v2\/pages\/1718\/revisions\/1917"}],"wp:attachment":[{"href":"https:\/\/www.newthalassa.fr\/index.php\/wp-json\/wp\/v2\/media?parent=1718"}],"curies":[{"name":"wp","href":"https:\/\/api.w.org\/{rel}","templated":true}]}}